{"id":44,"date":"2014-02-11T19:14:05","date_gmt":"2014-02-11T19:14:05","guid":{"rendered":"http:\/\/holi-in.de\/wordpress_2\/?page_id=44"},"modified":"2014-04-10T13:04:26","modified_gmt":"2014-04-10T13:04:26","slug":"tipps-tricks","status":"publish","type":"page","link":"https:\/\/holi-in.de\/wordpress_2\/tipps-tricks\/","title":{"rendered":"Tipps &#038; Tricks"},"content":{"rendered":"<h3><span style=\"text-decoration: underline; color: #000000;\">Nr. 1: Brille tragen<\/span><\/h3>\n<h3><span style=\"color: #000000;\">Obwohl die Farben vollkommen nat\u00fcrlich sind, hilft eine Sonnenbrille vor unn\u00f6tigen Augenreizungen zu sch\u00fctzen.<\/span><\/h3>\n<h3><span style=\"text-decoration: underline; color: #000000;\">Nr. 2: Mit \u00d6l eincremen<\/span><\/h3>\n<h3><span style=\"color: #000000;\">So haftet die Farbe besser und geht sp\u00e4ter noch leichter ab. Vergesst dabei die Haare nicht. Alternativ empfehlen wir eine M\u00fctze oder Hut zu tragen.<a href=\"https:\/\/holi-in.de\/wordpress_2\/wp-content\/uploads\/2014\/02\/tips_tricks_holi_berlin_fuerstenberg-jueterbog_eberswalde_wittenberg_weimar.png\"><img loading=\"lazy\" class=\"size-medium wp-image-113 alignright\" alt=\"tips_tricks_holi_berlin_fuerstenberg-jueterbog_eberswalde_wittenberg_weimar\" src=\"https:\/\/holi-in.de\/wordpress_2\/wp-content\/uploads\/2014\/02\/tips_tricks_holi_berlin_fuerstenberg-jueterbog_eberswalde_wittenberg_weimar-281x300.png\" width=\"281\" height=\"300\" srcset=\"https:\/\/holi-in.de\/wordpress_2\/wp-content\/uploads\/2014\/02\/tips_tricks_holi_berlin_fuerstenberg-jueterbog_eberswalde_wittenberg_weimar-281x300.png 281w, https:\/\/holi-in.de\/wordpress_2\/wp-content\/uploads\/2014\/02\/tips_tricks_holi_berlin_fuerstenberg-jueterbog_eberswalde_wittenberg_weimar.png 289w\" sizes=\"(max-width: 281px) 100vw, 281px\" \/><\/a><\/span><\/h3>\n<h3><span style=\"text-decoration: underline; color: #000000;\">Nr. 3: Alte Klamotten tragen<\/span><\/h3>\n<h3><span style=\"color: #000000;\">Obwohl das Pulver auswaschbar ist, solltet ihr nicht eure besten Klamotten aus dem Schrank holen \ud83d\ude42<\/span><\/h3>\n<h3><span style=\"text-decoration: underline; color: #000000;\">Nr. 4: Wei\u00dfe Kleidung<\/span><\/h3>\n<h3><span style=\"color: #000000;\">Zieht euch wei\u00dfe Kleidung an. So kommen die Farben am Besten zur Geltung!<\/span><\/h3>\n<h3><span style=\"text-decoration: underline; color: #000000;\">Nr. 5: Kontaktlinsen<\/span><\/h3>\n<h3><span style=\"color: #000000;\">Wenn m\u00f6glich lasst die Kontaktlinsen zur Veranstaltung drau\u00dfen und tragt eure normale Brille oder entsprechende Schutzbrille.<\/span><\/h3>\n<h3><span style=\"text-decoration: underline; color: #000000;\">Nr. 6: Augen und Klappe zu<\/span><\/h3>\n<h3><span style=\"color: #000000;\">Werdet ihr mit Farbpulver beworfen, in diesem Moment m\u00f6glichst Augen und Mund geschlossen halten.<\/span><\/h3>\n<h3><span style=\"text-decoration: underline; color: #000000;\">Nr. 7: Respekt<\/span><\/h3>\n<h3><span style=\"color: #000000;\">Respektiert, wenn jemand trotz Anwesenheit nicht mit Pulver beworfen werden m\u00f6chte.<\/span><\/h3>\n<h3><span style=\"text-decoration: underline; color: #000000;\">Nr. 8: Farbpulver abwaschen<\/span><\/h3>\n<h3><span style=\"color: #000000;\">Das Farbpulver m\u00f6glichst versuchen erst trocken soweit wie m\u00f6glich abzuwischen. Erst danach mit lauwarmem Wasser abwaschen.<\/span><\/h3>\n<h3><span style=\"text-decoration: underline; color: #000000;\">Nr. 9: Heimreise<\/span><\/h3>\n<h3><span style=\"color: #000000;\">Nutzt nach der Veranstaltung eine unsere Duschen, die Fahrt nach Hause wird sonst eine Sauerei \ud83d\ude42<\/span><\/h3>\n","protected":false},"excerpt":{"rendered":"<p>Nr. 1: Brille tragen Obwohl die Farben vollkommen nat\u00fcrlich sind, hilft eine Sonnenbrille vor unn\u00f6tigen Augenreizungen zu sch\u00fctzen. Nr. 2: Mit \u00d6l eincremen So haftet die Farbe besser und geht sp\u00e4ter noch leichter ab. Vergesst dabei die Haare nicht. Alternativ empfehlen wir eine M\u00fctze oder Hut zu tragen. Nr. 3: Alte Klamotten tragen Obwohl das Pulver auswaschbar ist, solltet ihr nicht eure besten Klamotten aus dem Schrank holen \ud83d\ude42 Nr. 4: Wei\u00dfe Kleidung Zieht euch wei\u00dfe Kleidung an. So kommen die Farben am Besten zur Geltung! Nr. 5: Kontaktlinsen Wenn m\u00f6glich lasst die Kontaktlinsen zur Veranstaltung drau\u00dfen und tragt eure normale Brille oder entsprechende Schutzbrille. Nr. 6: Augen und Klappe&#8230;<\/p>\n<p><a class=\"clear excerptmore button\" href=\"https:\/\/holi-in.de\/wordpress_2\/tipps-tricks\/\">Weiterlesen&#8230; &raquo;<\/a><\/p>\n","protected":false},"author":1,"featured_media":0,"parent":0,"menu_order":0,"comment_status":"open","ping_status":"open","template":"tpl_fullwidth-page.php","meta":[],"yoast_head":"<!-- This site is optimized with the Yoast SEO plugin v19.8 - https:\/\/yoast.com\/wordpress\/plugins\/seo\/ -->\n<title>Tipps, Tricks, Holi, Festival, Fest der Farbe, Gulal, Berlin, BRB<\/title>\n<meta name=\"description\" content=\"Holi, Festival, Berlin, Brandenburg, Fest der Farben, Gulal, DJ, DJane, Holi Fest, Tickets, online, VVK, Vorverkauf, Facebook, Deutschland, Holi Party, bunt\" \/>\n<meta name=\"robots\" content=\"index, follow, max-snippet:-1, max-image-preview:large, max-video-preview:-1\" \/>\n<link rel=\"canonical\" href=\"https:\/\/holi-in.de\/wordpress_2\/tipps-tricks\/\" \/>\n<meta property=\"og:locale\" content=\"de_DE\" \/>\n<meta property=\"og:type\" content=\"article\" \/>\n<meta property=\"og:title\" content=\"Tipps, Tricks, Holi, Festival, Fest der Farbe, Gulal, Berlin, BRB\" \/>\n<meta property=\"og:description\" content=\"Holi, Festival, Berlin, Brandenburg, Fest der Farben, Gulal, DJ, DJane, Holi Fest, Tickets, online, VVK, Vorverkauf, Facebook, Deutschland, Holi Party, bunt\" \/>\n<meta property=\"og:url\" content=\"https:\/\/holi-in.de\/wordpress_2\/tipps-tricks\/\" \/>\n<meta property=\"og:site_name\" content=\"23.08.2020 - Holi in F\u00fcrstenberg\" \/>\n<meta property=\"article:modified_time\" content=\"2014-04-10T13:04:26+00:00\" \/>\n<meta property=\"og:image\" content=\"http:\/\/holi-in.de\/wordpress_2\/wp-content\/uploads\/2014\/02\/tips_tricks_holi_berlin_fuerstenberg-jueterbog_eberswalde_wittenberg_weimar-281x300.png\" \/>\n<meta name=\"twitter:label1\" content=\"Gesch\u00e4tzte Lesezeit\" \/>\n\t<meta name=\"twitter:data1\" content=\"1\u00a0Minute\" \/>\n<script type=\"application\/ld+json\" class=\"yoast-schema-graph\">{\"@context\":\"https:\/\/schema.org\",\"@graph\":[{\"@type\":\"WebPage\",\"@id\":\"https:\/\/holi-in.de\/wordpress_2\/tipps-tricks\/\",\"url\":\"https:\/\/holi-in.de\/wordpress_2\/tipps-tricks\/\",\"name\":\"Tipps, Tricks, Holi, Festival, Fest der Farbe, Gulal, Berlin, BRB\",\"isPartOf\":{\"@id\":\"https:\/\/holi-in.de\/wordpress_2\/#website\"},\"datePublished\":\"2014-02-11T19:14:05+00:00\",\"dateModified\":\"2014-04-10T13:04:26+00:00\",\"description\":\"Holi, Festival, Berlin, Brandenburg, Fest der Farben, Gulal, DJ, DJane, Holi Fest, Tickets, online, VVK, Vorverkauf, Facebook, Deutschland, Holi Party, bunt\",\"inLanguage\":\"de\",\"potentialAction\":[{\"@type\":\"ReadAction\",\"target\":[\"https:\/\/holi-in.de\/wordpress_2\/tipps-tricks\/\"]}]},{\"@type\":\"WebSite\",\"@id\":\"https:\/\/holi-in.de\/wordpress_2\/#website\",\"url\":\"https:\/\/holi-in.de\/wordpress_2\/\",\"name\":\"23.08.2020 - Holi in F\u00fcrstenberg\",\"description\":\"HOLI IN DEUTSCHLAND - Holifeste\",\"potentialAction\":[{\"@type\":\"SearchAction\",\"target\":{\"@type\":\"EntryPoint\",\"urlTemplate\":\"https:\/\/holi-in.de\/wordpress_2\/?s={search_term_string}\"},\"query-input\":\"required name=search_term_string\"}],\"inLanguage\":\"de\"}]}<\/script>\n<!-- \/ Yoast SEO plugin. -->","yoast_head_json":{"title":"Tipps, Tricks, Holi, Festival, Fest der Farbe, Gulal, Berlin, BRB","description":"Holi, Festival, Berlin, Brandenburg, Fest der Farben, Gulal, DJ, DJane, Holi Fest, Tickets, online, VVK, Vorverkauf, Facebook, Deutschland, Holi Party, bunt","robots":{"index":"index","follow":"follow","max-snippet":"max-snippet:-1","max-image-preview":"max-image-preview:large","max-video-preview":"max-video-preview:-1"},"canonical":"https:\/\/holi-in.de\/wordpress_2\/tipps-tricks\/","og_locale":"de_DE","og_type":"article","og_title":"Tipps, Tricks, Holi, Festival, Fest der Farbe, Gulal, Berlin, BRB","og_description":"Holi, Festival, Berlin, Brandenburg, Fest der Farben, Gulal, DJ, DJane, Holi Fest, Tickets, online, VVK, Vorverkauf, Facebook, Deutschland, Holi Party, bunt","og_url":"https:\/\/holi-in.de\/wordpress_2\/tipps-tricks\/","og_site_name":"23.08.2020 - Holi in F\u00fcrstenberg","article_modified_time":"2014-04-10T13:04:26+00:00","og_image":[{"url":"http:\/\/holi-in.de\/wordpress_2\/wp-content\/uploads\/2014\/02\/tips_tricks_holi_berlin_fuerstenberg-jueterbog_eberswalde_wittenberg_weimar-281x300.png"}],"twitter_misc":{"Gesch\u00e4tzte Lesezeit":"1\u00a0Minute"},"schema":{"@context":"https:\/\/schema.org","@graph":[{"@type":"WebPage","@id":"https:\/\/holi-in.de\/wordpress_2\/tipps-tricks\/","url":"https:\/\/holi-in.de\/wordpress_2\/tipps-tricks\/","name":"Tipps, Tricks, Holi, Festival, Fest der Farbe, Gulal, Berlin, BRB","isPartOf":{"@id":"https:\/\/holi-in.de\/wordpress_2\/#website"},"datePublished":"2014-02-11T19:14:05+00:00","dateModified":"2014-04-10T13:04:26+00:00","description":"Holi, Festival, Berlin, Brandenburg, Fest der Farben, Gulal, DJ, DJane, Holi Fest, Tickets, online, VVK, Vorverkauf, Facebook, Deutschland, Holi Party, bunt","inLanguage":"de","potentialAction":[{"@type":"ReadAction","target":["https:\/\/holi-in.de\/wordpress_2\/tipps-tricks\/"]}]},{"@type":"WebSite","@id":"https:\/\/holi-in.de\/wordpress_2\/#website","url":"https:\/\/holi-in.de\/wordpress_2\/","name":"23.08.2020 - Holi in F\u00fcrstenberg","description":"HOLI IN DEUTSCHLAND - Holifeste","potentialAction":[{"@type":"SearchAction","target":{"@type":"EntryPoint","urlTemplate":"https:\/\/holi-in.de\/wordpress_2\/?s={search_term_string}"},"query-input":"required name=search_term_string"}],"inLanguage":"de"}]}},"_links":{"self":[{"href":"https:\/\/holi-in.de\/wordpress_2\/wp-json\/wp\/v2\/pages\/44"}],"collection":[{"href":"https:\/\/holi-in.de\/wordpress_2\/wp-json\/wp\/v2\/pages"}],"about":[{"href":"https:\/\/holi-in.de\/wordpress_2\/wp-json\/wp\/v2\/types\/page"}],"author":[{"embeddable":true,"href":"https:\/\/holi-in.de\/wordpress_2\/wp-json\/wp\/v2\/users\/1"}],"replies":[{"embeddable":true,"href":"https:\/\/holi-in.de\/wordpress_2\/wp-json\/wp\/v2\/comments?post=44"}],"version-history":[{"count":6,"href":"https:\/\/holi-in.de\/wordpress_2\/wp-json\/wp\/v2\/pages\/44\/revisions"}],"predecessor-version":[{"id":117,"href":"https:\/\/holi-in.de\/wordpress_2\/wp-json\/wp\/v2\/pages\/44\/revisions\/117"}],"wp:attachment":[{"href":"https:\/\/holi-in.de\/wordpress_2\/wp-json\/wp\/v2\/media?parent=44"}],"curies":[{"name":"wp","href":"https:\/\/api.w.org\/{rel}","templated":true}]}}