{"id":8,"date":"2014-02-11T15:41:13","date_gmt":"2014-02-11T15:41:13","guid":{"rendered":"http:\/\/holi-in.de\/wordpress_2\/?page_id=8"},"modified":"2021-02-25T11:26:18","modified_gmt":"2021-02-25T11:26:18","slug":"willkommen-bei-den-holifesten-deiner-region","status":"publish","type":"page","link":"https:\/\/holi-in.de\/wordpress_2\/","title":{"rendered":"Willkommen bei den Holifesten in Deiner Region"},"content":{"rendered":"<p><span style=\"color: #000000;\"><div id=\"metaslider-id-63\" style=\"max-width: 938px; margin: 0 auto;\" class=\"ml-slider-3-27-13 metaslider metaslider-flex metaslider-63 ml-slider nav-hidden\">\n    <div id=\"metaslider_container_63\">\n        <div id=\"metaslider_63\" class=\"flexslider\">\n            <ul aria-live=\"polite\" class=\"slides\">\n                <li style=\"display: block; width: 100%;\" class=\"slide-70 ms-image\"><img src=\"https:\/\/holi-in.de\/wordpress_2\/wp-content\/uploads\/2014\/02\/holi-in-berlin-fuerstenberg-jueterbog-eberswalde-wittenberg-weimar_7.jpg\" height=\"350\" width=\"938\" alt=\"\" class=\"slider-63 slide-70\" \/><\/li>\n                <li style=\"display: none; width: 100%;\" class=\"slide-69 ms-image\"><img src=\"https:\/\/holi-in.de\/wordpress_2\/wp-content\/uploads\/2014\/02\/holi-in-berlin-fuerstenberg-jueterbog-eberswalde-wittenberg-weimar_6.jpg\" height=\"350\" width=\"938\" alt=\"\" class=\"slider-63 slide-69\" \/><\/li>\n                <li style=\"display: none; width: 100%;\" class=\"slide-66 ms-image\"><img src=\"https:\/\/holi-in.de\/wordpress_2\/wp-content\/uploads\/2014\/02\/holi-in-berlin-fuerstenberg-jueterbog-eberswalde-wittenberg-weimar_3.jpg\" height=\"350\" width=\"938\" alt=\"\" class=\"slider-63 slide-66\" \/><\/li>\n                <li style=\"display: none; width: 100%;\" class=\"slide-71 ms-image\"><img src=\"https:\/\/holi-in.de\/wordpress_2\/wp-content\/uploads\/2014\/02\/holi-in-berlin-fuerstenberg-jueterbog-eberswalde-wittenberg-weimar_8.jpg\" height=\"350\" width=\"938\" alt=\"\" class=\"slider-63 slide-71\" \/><\/li>\n                <li style=\"display: none; width: 100%;\" class=\"slide-68 ms-image\"><img src=\"https:\/\/holi-in.de\/wordpress_2\/wp-content\/uploads\/2014\/02\/holi-in-berlin-fuerstenberg-jueterbog-eberswalde-wittenberg-weimar_5.jpg\" height=\"350\" width=\"938\" alt=\"\" class=\"slider-63 slide-68\" \/><\/li>\n                <li style=\"display: none; width: 100%;\" class=\"slide-64 ms-image\"><img src=\"https:\/\/holi-in.de\/wordpress_2\/wp-content\/uploads\/2014\/02\/holi-in-berlin-fuerstenberg-jueterbog-eberswalde-wittenberg-weimar_1.jpg\" height=\"350\" width=\"938\" alt=\"\" class=\"slider-63 slide-64\" \/><\/li>\n                <li style=\"display: none; width: 100%;\" class=\"slide-67 ms-image\"><img src=\"https:\/\/holi-in.de\/wordpress_2\/wp-content\/uploads\/2014\/02\/holi-in-berlin-fuerstenberg-jueterbog-eberswalde-wittenberg-weimar_4.jpg\" height=\"350\" width=\"938\" alt=\"\" class=\"slider-63 slide-67\" \/><\/li>\n                <li style=\"display: none; width: 100%;\" class=\"slide-65 ms-image\"><img src=\"https:\/\/holi-in.de\/wordpress_2\/wp-content\/uploads\/2014\/02\/holi-in-berlin-fuerstenberg-jueterbog-eberswalde-wittenberg-weimar_2.jpg\" height=\"350\" width=\"938\" alt=\"\" class=\"slider-63 slide-65\" \/><\/li>\n            <\/ul>\n        <\/div>\n        \n    <\/div>\n<\/div><\/span><\/p>\n<p>&nbsp;<\/p>\n<h2><\/h2>\n<h1 style=\"text-align: center;\"><strong><span style=\"color: #000000;\">Das n\u00e4chste Holi ist am <em>22. August 2021<\/em> in F\u00fcrstenberg \/ Havel auf der Festwiese am R\u00f6blinsee. <\/span><\/strong><\/h1>\n<h1 style=\"text-align: center;\"><strong><span style=\"color: #000000;\">Infos \/ Tickets <em><a href=\"http:\/\/www.eventbrite.de\/o\/potential-allstars-4595191743\" target=\"_blank\" rel=\"noopener\">HIER KLICKEN<\/a><\/em><\/span><\/strong><\/h1>\n<h1 style=\"text-align: center;\"><strong><span style=\"color: #000000;\">Am\u00a0<span style=\"caret-color: #000000;\">Abend vorher findet die <em>HALLI-GALLI-PARTY<\/em> statt&#8230;<\/span><\/span><\/strong><\/h1>\n<h1 style=\"text-align: center;\"><strong><span style=\"color: #000000;\">Macht Euch Bereit!<\/span><\/strong><br \/>\n<strong> <span style=\"color: #000000;\"> Die Farbschlacht des Sommers kann starten!<\/span><\/strong><br \/>\n<strong> <span style=\"color: #000000;\"> Die Feste starten bei Euch in der N\u00e4he!<\/span><\/strong><\/h1>\n<h1 style=\"text-align: center;\"><strong><span style=\"color: #000000;\">Es wird gro\u00df &#8211; es wird bunt &#8211; es wird sonnig!<\/span><\/strong><\/h1>\n<h1 style=\"text-align: center;\"><strong><span style=\"color: #000000;\">Das Fest ist f\u00fcr Familien, f\u00fcr Teens und Twens und alle toll,<\/span><\/strong><br \/>\n<strong> <span style=\"color: #000000;\"> die Spa\u00df am ausgiebigen friedlichen feiern haben! &#8222;we are all one!&#8220;<\/span><\/strong><\/h1>\n<h1 style=\"text-align: center;\"><span style=\"color: #000000;\"><strong><a href=\"https:\/\/www.eventbrite.de\/o\/v-event-gmbh-4595191743\" target=\"_blank\" rel=\"noopener\"><span style=\"color: #000000;\"><em><span style=\"color: #0000ff;\">Tickets<\/span><\/em><\/span><\/a> sind f\u00fcr die Veranstaltungen online zu haben!<\/strong><br \/>\n<\/span><\/h1>\n<p><span style=\"color: #000000;\">\u00a0<\/span><\/p>\n","protected":false},"excerpt":{"rendered":"<p>&nbsp; Das n\u00e4chste Holi ist am 22. August 2021 in F\u00fcrstenberg \/ Havel auf der Festwiese am R\u00f6blinsee. Infos \/ Tickets HIER KLICKEN Am\u00a0Abend vorher findet die HALLI-GALLI-PARTY statt&#8230; Macht Euch Bereit! Die Farbschlacht des Sommers kann starten! Die Feste starten bei Euch in der N\u00e4he! Es wird gro\u00df &#8211; es wird bunt &#8211; es wird sonnig! Das Fest ist f\u00fcr Familien, f\u00fcr Teens und Twens und alle toll, die Spa\u00df am ausgiebigen friedlichen feiern haben! &#8222;we are all one!&#8220; Tickets sind f\u00fcr die Veranstaltungen online zu haben! \u00a0<\/p>\n","protected":false},"author":1,"featured_media":0,"parent":0,"menu_order":0,"comment_status":"open","ping_status":"open","template":"tpl_fullwidth-page.php","meta":[],"yoast_head":"<!-- This site is optimized with the Yoast SEO plugin v19.8 - https:\/\/yoast.com\/wordpress\/plugins\/seo\/ -->\n<title>Holi, Festival, Fest der Farbe, Gulal, Berlin, Brandenburg, Tickets<\/title>\n<meta name=\"description\" content=\"Holi, Festival, Berlin, Brandenburg, Fest der Farben, Gulal, DJ, DJane, Holi Fest, Tickets, online, VVK, Vorverkauf, Facebook, Deutschland, Holi Party, bunt\" \/>\n<meta name=\"robots\" content=\"index, follow, max-snippet:-1, max-image-preview:large, max-video-preview:-1\" \/>\n<link rel=\"canonical\" href=\"https:\/\/holi-in.de\/wordpress_2\/\" \/>\n<meta property=\"og:locale\" content=\"de_DE\" \/>\n<meta property=\"og:type\" content=\"article\" \/>\n<meta property=\"og:title\" content=\"Holi, Festival, Fest der Farbe, Gulal, Berlin, Brandenburg, Tickets\" \/>\n<meta property=\"og:description\" content=\"Holi, Festival, Berlin, Brandenburg, Fest der Farben, Gulal, DJ, DJane, Holi Fest, Tickets, online, VVK, Vorverkauf, Facebook, Deutschland, Holi Party, bunt\" \/>\n<meta property=\"og:url\" content=\"https:\/\/holi-in.de\/wordpress_2\/\" \/>\n<meta property=\"og:site_name\" content=\"23.08.2020 - Holi in F\u00fcrstenberg\" \/>\n<meta property=\"article:modified_time\" content=\"2021-02-25T11:26:18+00:00\" \/>\n<script type=\"application\/ld+json\" class=\"yoast-schema-graph\">{\"@context\":\"https:\/\/schema.org\",\"@graph\":[{\"@type\":\"WebPage\",\"@id\":\"https:\/\/holi-in.de\/wordpress_2\/\",\"url\":\"https:\/\/holi-in.de\/wordpress_2\/\",\"name\":\"Holi, Festival, Fest der Farbe, Gulal, Berlin, Brandenburg, Tickets\",\"isPartOf\":{\"@id\":\"https:\/\/holi-in.de\/wordpress_2\/#website\"},\"datePublished\":\"2014-02-11T15:41:13+00:00\",\"dateModified\":\"2021-02-25T11:26:18+00:00\",\"description\":\"Holi, Festival, Berlin, Brandenburg, Fest der Farben, Gulal, DJ, DJane, Holi Fest, Tickets, online, VVK, Vorverkauf, Facebook, Deutschland, Holi Party, bunt\",\"inLanguage\":\"de\",\"potentialAction\":[{\"@type\":\"ReadAction\",\"target\":[\"https:\/\/holi-in.de\/wordpress_2\/\"]}]},{\"@type\":\"WebSite\",\"@id\":\"https:\/\/holi-in.de\/wordpress_2\/#website\",\"url\":\"https:\/\/holi-in.de\/wordpress_2\/\",\"name\":\"23.08.2020 - Holi in F\u00fcrstenberg\",\"description\":\"HOLI IN DEUTSCHLAND - Holifeste\",\"potentialAction\":[{\"@type\":\"SearchAction\",\"target\":{\"@type\":\"EntryPoint\",\"urlTemplate\":\"https:\/\/holi-in.de\/wordpress_2\/?s={search_term_string}\"},\"query-input\":\"required name=search_term_string\"}],\"inLanguage\":\"de\"}]}<\/script>\n<!-- \/ Yoast SEO plugin. -->","yoast_head_json":{"title":"Holi, Festival, Fest der Farbe, Gulal, Berlin, Brandenburg, Tickets","description":"Holi, Festival, Berlin, Brandenburg, Fest der Farben, Gulal, DJ, DJane, Holi Fest, Tickets, online, VVK, Vorverkauf, Facebook, Deutschland, Holi Party, bunt","robots":{"index":"index","follow":"follow","max-snippet":"max-snippet:-1","max-image-preview":"max-image-preview:large","max-video-preview":"max-video-preview:-1"},"canonical":"https:\/\/holi-in.de\/wordpress_2\/","og_locale":"de_DE","og_type":"article","og_title":"Holi, Festival, Fest der Farbe, Gulal, Berlin, Brandenburg, Tickets","og_description":"Holi, Festival, Berlin, Brandenburg, Fest der Farben, Gulal, DJ, DJane, Holi Fest, Tickets, online, VVK, Vorverkauf, Facebook, Deutschland, Holi Party, bunt","og_url":"https:\/\/holi-in.de\/wordpress_2\/","og_site_name":"23.08.2020 - Holi in F\u00fcrstenberg","article_modified_time":"2021-02-25T11:26:18+00:00","schema":{"@context":"https:\/\/schema.org","@graph":[{"@type":"WebPage","@id":"https:\/\/holi-in.de\/wordpress_2\/","url":"https:\/\/holi-in.de\/wordpress_2\/","name":"Holi, Festival, Fest der Farbe, Gulal, Berlin, Brandenburg, Tickets","isPartOf":{"@id":"https:\/\/holi-in.de\/wordpress_2\/#website"},"datePublished":"2014-02-11T15:41:13+00:00","dateModified":"2021-02-25T11:26:18+00:00","description":"Holi, Festival, Berlin, Brandenburg, Fest der Farben, Gulal, DJ, DJane, Holi Fest, Tickets, online, VVK, Vorverkauf, Facebook, Deutschland, Holi Party, bunt","inLanguage":"de","potentialAction":[{"@type":"ReadAction","target":["https:\/\/holi-in.de\/wordpress_2\/"]}]},{"@type":"WebSite","@id":"https:\/\/holi-in.de\/wordpress_2\/#website","url":"https:\/\/holi-in.de\/wordpress_2\/","name":"23.08.2020 - Holi in F\u00fcrstenberg","description":"HOLI IN DEUTSCHLAND - Holifeste","potentialAction":[{"@type":"SearchAction","target":{"@type":"EntryPoint","urlTemplate":"https:\/\/holi-in.de\/wordpress_2\/?s={search_term_string}"},"query-input":"required name=search_term_string"}],"inLanguage":"de"}]}},"_links":{"self":[{"href":"https:\/\/holi-in.de\/wordpress_2\/wp-json\/wp\/v2\/pages\/8"}],"collection":[{"href":"https:\/\/holi-in.de\/wordpress_2\/wp-json\/wp\/v2\/pages"}],"about":[{"href":"https:\/\/holi-in.de\/wordpress_2\/wp-json\/wp\/v2\/types\/page"}],"author":[{"embeddable":true,"href":"https:\/\/holi-in.de\/wordpress_2\/wp-json\/wp\/v2\/users\/1"}],"replies":[{"embeddable":true,"href":"https:\/\/holi-in.de\/wordpress_2\/wp-json\/wp\/v2\/comments?post=8"}],"version-history":[{"count":24,"href":"https:\/\/holi-in.de\/wordpress_2\/wp-json\/wp\/v2\/pages\/8\/revisions"}],"predecessor-version":[{"id":943,"href":"https:\/\/holi-in.de\/wordpress_2\/wp-json\/wp\/v2\/pages\/8\/revisions\/943"}],"wp:attachment":[{"href":"https:\/\/holi-in.de\/wordpress_2\/wp-json\/wp\/v2\/media?parent=8"}],"curies":[{"name":"wp","href":"https:\/\/api.w.org\/{rel}","templated":true}]}}